{"id":30,"date":"2022-05-11T19:29:03","date_gmt":"2022-05-11T22:29:03","guid":{"rendered":"http:\/\/dramabarroco.com\/way\/?page_id=30"},"modified":"2025-10-02T19:10:54","modified_gmt":"2025-10-02T22:10:54","slug":"home","status":"publish","type":"page","link":"https:\/\/www.wayantecipa.com.br\/site\/","title":{"rendered":"Home"},"content":{"rendered":"<p>Trazemos a experi\u00eancia de proporcionar hoje o melhor futuro que seus neg\u00f3cios merecem.<\/p>\n","protected":false},"excerpt":{"rendered":"<p>Trazemos a experi\u00eancia de proporcionar hoje o melhor futuro que seus neg\u00f3cios merecem.<\/p>\n","protected":false},"author":1,"featured_media":152,"parent":0,"menu_order":8,"comment_status":"closed","ping_status":"closed","template":"index.php","meta":{"_acf_changed":false,"_joinchat":[],"footnotes":""},"class_list":["post-30","page","type-page","status-publish","has-post-thumbnail","hentry"],"acf":[],"yoast_head":"<!-- This site is optimized with the Yoast SEO plugin v27.4 - https:\/\/yoast.com\/product\/yoast-seo-wordpress\/ -->\n<title>Home - Way Intelig\u00eancia Financeira<\/title>\n<meta name=\"robots\" content=\"index, follow, max-snippet:-1, max-image-preview:large, max-video-preview:-1\" \/>\n<link rel=\"canonical\" href=\"https:\/\/www.wayantecipa.com.br\/site\/\" \/>\n<meta property=\"og:locale\" content=\"pt_BR\" \/>\n<meta property=\"og:type\" content=\"article\" \/>\n<meta property=\"og:title\" content=\"Home - Way Intelig\u00eancia Financeira\" \/>\n<meta property=\"og:description\" content=\"Trazemos a experi\u00eancia de proporcionar hoje o melhor futuro que seus neg\u00f3cios merecem.\" \/>\n<meta property=\"og:url\" content=\"https:\/\/www.wayantecipa.com.br\/site\/\" \/>\n<meta property=\"og:site_name\" content=\"Way Intelig\u00eancia Financeira\" \/>\n<meta property=\"article:publisher\" content=\"https:\/\/www.facebook.com\/wayantecipa\/\" \/>\n<meta property=\"article:modified_time\" content=\"2025-10-02T22:10:54+00:00\" \/>\n<meta property=\"og:image\" content=\"https:\/\/www.wayantecipa.com.br\/site\/wp-content\/uploads\/2022\/05\/bgHome-scaled.jpg\" \/>\n\t<meta property=\"og:image:width\" content=\"960\" \/>\n\t<meta property=\"og:image:height\" content=\"2560\" \/>\n\t<meta property=\"og:image:type\" content=\"image\/jpeg\" \/>\n<meta name=\"twitter:card\" content=\"summary_large_image\" \/>\n<meta name=\"twitter:label1\" content=\"Est. tempo de leitura\" \/>\n\t<meta name=\"twitter:data1\" content=\"1 minuto\" \/>\n<script type=\"application\/ld+json\" class=\"yoast-schema-graph\">{\"@context\":\"https:\\\/\\\/schema.org\",\"@graph\":[{\"@type\":\"WebPage\",\"@id\":\"https:\\\/\\\/www.wayantecipa.com.br\\\/site\\\/\",\"url\":\"https:\\\/\\\/www.wayantecipa.com.br\\\/site\\\/\",\"name\":\"Home - Way Intelig\u00eancia Financeira\",\"isPartOf\":{\"@id\":\"https:\\\/\\\/www.wayantecipa.com.br\\\/site\\\/#website\"},\"primaryImageOfPage\":{\"@id\":\"https:\\\/\\\/www.wayantecipa.com.br\\\/site\\\/#primaryimage\"},\"image\":{\"@id\":\"https:\\\/\\\/www.wayantecipa.com.br\\\/site\\\/#primaryimage\"},\"thumbnailUrl\":\"https:\\\/\\\/www.wayantecipa.com.br\\\/site\\\/wp-content\\\/uploads\\\/2022\\\/05\\\/bgHome-scaled.jpg\",\"datePublished\":\"2022-05-11T22:29:03+00:00\",\"dateModified\":\"2025-10-02T22:10:54+00:00\",\"breadcrumb\":{\"@id\":\"https:\\\/\\\/www.wayantecipa.com.br\\\/site\\\/#breadcrumb\"},\"inLanguage\":\"pt-BR\",\"potentialAction\":[{\"@type\":\"ReadAction\",\"target\":[\"https:\\\/\\\/www.wayantecipa.com.br\\\/site\\\/\"]}]},{\"@type\":\"ImageObject\",\"inLanguage\":\"pt-BR\",\"@id\":\"https:\\\/\\\/www.wayantecipa.com.br\\\/site\\\/#primaryimage\",\"url\":\"https:\\\/\\\/www.wayantecipa.com.br\\\/site\\\/wp-content\\\/uploads\\\/2022\\\/05\\\/bgHome-scaled.jpg\",\"contentUrl\":\"https:\\\/\\\/www.wayantecipa.com.br\\\/site\\\/wp-content\\\/uploads\\\/2022\\\/05\\\/bgHome-scaled.jpg\",\"width\":960,\"height\":2560},{\"@type\":\"BreadcrumbList\",\"@id\":\"https:\\\/\\\/www.wayantecipa.com.br\\\/site\\\/#breadcrumb\",\"itemListElement\":[{\"@type\":\"ListItem\",\"position\":1,\"name\":\"In\u00edcio\",\"item\":\"https:\\\/\\\/www.wayantecipa.com.br\\\/site\\\/\"},{\"@type\":\"ListItem\",\"position\":2,\"name\":\"Home\"}]},{\"@type\":\"WebSite\",\"@id\":\"https:\\\/\\\/www.wayantecipa.com.br\\\/site\\\/#website\",\"url\":\"https:\\\/\\\/www.wayantecipa.com.br\\\/site\\\/\",\"name\":\"Way Intelig\u00eancia Financeira\",\"description\":\"\",\"publisher\":{\"@id\":\"https:\\\/\\\/www.wayantecipa.com.br\\\/site\\\/#organization\"},\"potentialAction\":[{\"@type\":\"SearchAction\",\"target\":{\"@type\":\"EntryPoint\",\"urlTemplate\":\"https:\\\/\\\/www.wayantecipa.com.br\\\/site\\\/?s={search_term_string}\"},\"query-input\":{\"@type\":\"PropertyValueSpecification\",\"valueRequired\":true,\"valueName\":\"search_term_string\"}}],\"inLanguage\":\"pt-BR\"},{\"@type\":\"Organization\",\"@id\":\"https:\\\/\\\/www.wayantecipa.com.br\\\/site\\\/#organization\",\"name\":\"Way Intelig\u00eancia Financeira\",\"url\":\"https:\\\/\\\/www.wayantecipa.com.br\\\/site\\\/\",\"logo\":{\"@type\":\"ImageObject\",\"inLanguage\":\"pt-BR\",\"@id\":\"https:\\\/\\\/www.wayantecipa.com.br\\\/site\\\/#\\\/schema\\\/logo\\\/image\\\/\",\"url\":\"https:\\\/\\\/www.wayantecipa.com.br\\\/site2022\\\/wp-content\\\/uploads\\\/2022\\\/06\\\/logoWayCor-1.png\",\"contentUrl\":\"https:\\\/\\\/www.wayantecipa.com.br\\\/site2022\\\/wp-content\\\/uploads\\\/2022\\\/06\\\/logoWayCor-1.png\",\"width\":409,\"height\":171,\"caption\":\"Way Intelig\u00eancia Financeira\"},\"image\":{\"@id\":\"https:\\\/\\\/www.wayantecipa.com.br\\\/site\\\/#\\\/schema\\\/logo\\\/image\\\/\"},\"sameAs\":[\"https:\\\/\\\/www.facebook.com\\\/wayantecipa\\\/\",\"https:\\\/\\\/www.instagram.com\\\/wayantecipa\\\/\",\"https:\\\/\\\/www.linkedin.com\\\/company\\\/wayantecipa\"]}]}<\/script>\n<!-- \/ Yoast SEO plugin. -->","yoast_head_json":{"title":"Home - Way Intelig\u00eancia Financeira","robots":{"index":"index","follow":"follow","max-snippet":"max-snippet:-1","max-image-preview":"max-image-preview:large","max-video-preview":"max-video-preview:-1"},"canonical":"https:\/\/www.wayantecipa.com.br\/site\/","og_locale":"pt_BR","og_type":"article","og_title":"Home - Way Intelig\u00eancia Financeira","og_description":"Trazemos a experi\u00eancia de proporcionar hoje o melhor futuro que seus neg\u00f3cios merecem.","og_url":"https:\/\/www.wayantecipa.com.br\/site\/","og_site_name":"Way Intelig\u00eancia Financeira","article_publisher":"https:\/\/www.facebook.com\/wayantecipa\/","article_modified_time":"2025-10-02T22:10:54+00:00","og_image":[{"width":960,"height":2560,"url":"https:\/\/www.wayantecipa.com.br\/site\/wp-content\/uploads\/2022\/05\/bgHome-scaled.jpg","type":"image\/jpeg"}],"twitter_card":"summary_large_image","twitter_misc":{"Est. tempo de leitura":"1 minuto"},"schema":{"@context":"https:\/\/schema.org","@graph":[{"@type":"WebPage","@id":"https:\/\/www.wayantecipa.com.br\/site\/","url":"https:\/\/www.wayantecipa.com.br\/site\/","name":"Home - Way Intelig\u00eancia Financeira","isPartOf":{"@id":"https:\/\/www.wayantecipa.com.br\/site\/#website"},"primaryImageOfPage":{"@id":"https:\/\/www.wayantecipa.com.br\/site\/#primaryimage"},"image":{"@id":"https:\/\/www.wayantecipa.com.br\/site\/#primaryimage"},"thumbnailUrl":"https:\/\/www.wayantecipa.com.br\/site\/wp-content\/uploads\/2022\/05\/bgHome-scaled.jpg","datePublished":"2022-05-11T22:29:03+00:00","dateModified":"2025-10-02T22:10:54+00:00","breadcrumb":{"@id":"https:\/\/www.wayantecipa.com.br\/site\/#breadcrumb"},"inLanguage":"pt-BR","potentialAction":[{"@type":"ReadAction","target":["https:\/\/www.wayantecipa.com.br\/site\/"]}]},{"@type":"ImageObject","inLanguage":"pt-BR","@id":"https:\/\/www.wayantecipa.com.br\/site\/#primaryimage","url":"https:\/\/www.wayantecipa.com.br\/site\/wp-content\/uploads\/2022\/05\/bgHome-scaled.jpg","contentUrl":"https:\/\/www.wayantecipa.com.br\/site\/wp-content\/uploads\/2022\/05\/bgHome-scaled.jpg","width":960,"height":2560},{"@type":"BreadcrumbList","@id":"https:\/\/www.wayantecipa.com.br\/site\/#breadcrumb","itemListElement":[{"@type":"ListItem","position":1,"name":"In\u00edcio","item":"https:\/\/www.wayantecipa.com.br\/site\/"},{"@type":"ListItem","position":2,"name":"Home"}]},{"@type":"WebSite","@id":"https:\/\/www.wayantecipa.com.br\/site\/#website","url":"https:\/\/www.wayantecipa.com.br\/site\/","name":"Way Intelig\u00eancia Financeira","description":"","publisher":{"@id":"https:\/\/www.wayantecipa.com.br\/site\/#organization"},"potentialAction":[{"@type":"SearchAction","target":{"@type":"EntryPoint","urlTemplate":"https:\/\/www.wayantecipa.com.br\/site\/?s={search_term_string}"},"query-input":{"@type":"PropertyValueSpecification","valueRequired":true,"valueName":"search_term_string"}}],"inLanguage":"pt-BR"},{"@type":"Organization","@id":"https:\/\/www.wayantecipa.com.br\/site\/#organization","name":"Way Intelig\u00eancia Financeira","url":"https:\/\/www.wayantecipa.com.br\/site\/","logo":{"@type":"ImageObject","inLanguage":"pt-BR","@id":"https:\/\/www.wayantecipa.com.br\/site\/#\/schema\/logo\/image\/","url":"https:\/\/www.wayantecipa.com.br\/site2022\/wp-content\/uploads\/2022\/06\/logoWayCor-1.png","contentUrl":"https:\/\/www.wayantecipa.com.br\/site2022\/wp-content\/uploads\/2022\/06\/logoWayCor-1.png","width":409,"height":171,"caption":"Way Intelig\u00eancia Financeira"},"image":{"@id":"https:\/\/www.wayantecipa.com.br\/site\/#\/schema\/logo\/image\/"},"sameAs":["https:\/\/www.facebook.com\/wayantecipa\/","https:\/\/www.instagram.com\/wayantecipa\/","https:\/\/www.linkedin.com\/company\/wayantecipa"]}]}},"_links":{"self":[{"href":"https:\/\/www.wayantecipa.com.br\/site\/wp-json\/wp\/v2\/pages\/30","targetHints":{"allow":["GET"]}}],"collection":[{"href":"https:\/\/www.wayantecipa.com.br\/site\/wp-json\/wp\/v2\/pages"}],"about":[{"href":"https:\/\/www.wayantecipa.com.br\/site\/wp-json\/wp\/v2\/types\/page"}],"author":[{"embeddable":true,"href":"https:\/\/www.wayantecipa.com.br\/site\/wp-json\/wp\/v2\/users\/1"}],"replies":[{"embeddable":true,"href":"https:\/\/www.wayantecipa.com.br\/site\/wp-json\/wp\/v2\/comments?post=30"}],"version-history":[{"count":7,"href":"https:\/\/www.wayantecipa.com.br\/site\/wp-json\/wp\/v2\/pages\/30\/revisions"}],"predecessor-version":[{"id":759,"href":"https:\/\/www.wayantecipa.com.br\/site\/wp-json\/wp\/v2\/pages\/30\/revisions\/759"}],"wp:featuredmedia":[{"embeddable":true,"href":"https:\/\/www.wayantecipa.com.br\/site\/wp-json\/wp\/v2\/media\/152"}],"wp:attachment":[{"href":"https:\/\/www.wayantecipa.com.br\/site\/wp-json\/wp\/v2\/media?parent=30"}],"curies":[{"name":"wp","href":"https:\/\/api.w.org\/{rel}","templated":true}]}}