{"id":32,"date":"2022-05-11T19:29:08","date_gmt":"2022-05-11T22:29:08","guid":{"rendered":"http:\/\/dramabarroco.com\/way\/?page_id=32"},"modified":"2025-10-02T18:47:57","modified_gmt":"2025-10-02T21:47:57","slug":"way","status":"publish","type":"page","link":"https:\/\/www.wayantecipa.com.br\/site\/way\/","title":{"rendered":"Way"},"content":{"rendered":"<p>H\u00e1 duas d\u00e9cadas superando desafios e adquirindo experi\u00eancia de empreender, entregamos intelig\u00eancia financeira com solu\u00e7\u00f5es modernas e qualificadas, investimentos seguros e rent\u00e1veis.<\/p>\n<p>Com um modelo de neg\u00f3cio certificado, diariamente nossa equipe se dedica ao m\u00e1ximo para a plena satisfa\u00e7\u00e3o de todos os que est\u00e3o ligados a Way, pois, acreditamos que os neg\u00f3cios acontecem entre pessoas.<\/p>\n<p>Nosso objetivo \u00e9 fazer da Way uma refer\u00eancia do mercado, reunindo condi\u00e7\u00f5es que viabilizem o desenvolvimento da sociedade com responsabilidade, \u00e9tica, transpar\u00eancia, dinamismo, profissionalismo e sustentabilidade.<\/p>\n<p>Estamos de portas abertas esperando por voc\u00ea. Fa\u00e7a parte da rede de relacionamentos da Way Intelig\u00eancia Financeira!<\/p>\n","protected":false},"excerpt":{"rendered":"<p>Trabalhamos para antecipar a realiza\u00e7\u00e3o dos sonhos de todos que se relacionam conosco.<\/p>\n","protected":false},"author":1,"featured_media":97,"parent":0,"menu_order":11,"comment_status":"closed","ping_status":"closed","template":"page-way.php","meta":{"_acf_changed":false,"_joinchat":[],"footnotes":""},"class_list":["post-32","page","type-page","status-publish","has-post-thumbnail","hentry"],"acf":[],"yoast_head":"<!-- This site is optimized with the Yoast SEO plugin v27.4 - https:\/\/yoast.com\/product\/yoast-seo-wordpress\/ -->\n<title>Way - Way Intelig\u00eancia Financeira<\/title>\n<meta name=\"description\" content=\"Intelig\u00eancia financeira com \u00e9tica, inova\u00e7\u00e3o e rentabilidade. Entregamos solu\u00e7\u00f5es estrat\u00e9gicas para quem quer crescer com seguran\u00e7a e relacionamento.\" \/>\n<meta name=\"robots\" content=\"index, follow, max-snippet:-1, max-image-preview:large, max-video-preview:-1\" \/>\n<link rel=\"canonical\" href=\"https:\/\/www.wayantecipa.com.br\/site\/way\/\" \/>\n<meta property=\"og:locale\" content=\"pt_BR\" \/>\n<meta property=\"og:type\" content=\"article\" \/>\n<meta property=\"og:title\" content=\"Way - Way Intelig\u00eancia Financeira\" \/>\n<meta property=\"og:description\" content=\"Intelig\u00eancia financeira com \u00e9tica, inova\u00e7\u00e3o e rentabilidade. Entregamos solu\u00e7\u00f5es estrat\u00e9gicas para quem quer crescer com seguran\u00e7a e relacionamento.\" \/>\n<meta property=\"og:url\" content=\"https:\/\/www.wayantecipa.com.br\/site\/way\/\" \/>\n<meta property=\"og:site_name\" content=\"Way Intelig\u00eancia Financeira\" \/>\n<meta property=\"article:publisher\" content=\"https:\/\/www.facebook.com\/wayantecipa\/\" \/>\n<meta property=\"article:modified_time\" content=\"2025-10-02T21:47:57+00:00\" \/>\n<meta property=\"og:image\" content=\"https:\/\/www.wayantecipa.com.br\/site\/wp-content\/uploads\/2022\/05\/bgWay.jpg\" \/>\n\t<meta property=\"og:image:width\" content=\"1366\" \/>\n\t<meta property=\"og:image:height\" content=\"1170\" \/>\n\t<meta property=\"og:image:type\" content=\"image\/jpeg\" \/>\n<meta name=\"twitter:card\" content=\"summary_large_image\" \/>\n<meta name=\"twitter:label1\" content=\"Est. tempo de leitura\" \/>\n\t<meta name=\"twitter:data1\" content=\"1 minuto\" \/>\n<script type=\"application\/ld+json\" class=\"yoast-schema-graph\">{\"@context\":\"https:\\\/\\\/schema.org\",\"@graph\":[{\"@type\":\"WebPage\",\"@id\":\"https:\\\/\\\/www.wayantecipa.com.br\\\/site\\\/way\\\/\",\"url\":\"https:\\\/\\\/www.wayantecipa.com.br\\\/site\\\/way\\\/\",\"name\":\"Way - Way Intelig\u00eancia Financeira\",\"isPartOf\":{\"@id\":\"https:\\\/\\\/www.wayantecipa.com.br\\\/site\\\/#website\"},\"primaryImageOfPage\":{\"@id\":\"https:\\\/\\\/www.wayantecipa.com.br\\\/site\\\/way\\\/#primaryimage\"},\"image\":{\"@id\":\"https:\\\/\\\/www.wayantecipa.com.br\\\/site\\\/way\\\/#primaryimage\"},\"thumbnailUrl\":\"https:\\\/\\\/www.wayantecipa.com.br\\\/site\\\/wp-content\\\/uploads\\\/2022\\\/05\\\/bgWay.jpg\",\"datePublished\":\"2022-05-11T22:29:08+00:00\",\"dateModified\":\"2025-10-02T21:47:57+00:00\",\"description\":\"Intelig\u00eancia financeira com \u00e9tica, inova\u00e7\u00e3o e rentabilidade. Entregamos solu\u00e7\u00f5es estrat\u00e9gicas para quem quer crescer com seguran\u00e7a e relacionamento.\",\"breadcrumb\":{\"@id\":\"https:\\\/\\\/www.wayantecipa.com.br\\\/site\\\/way\\\/#breadcrumb\"},\"inLanguage\":\"pt-BR\",\"potentialAction\":[{\"@type\":\"ReadAction\",\"target\":[\"https:\\\/\\\/www.wayantecipa.com.br\\\/site\\\/way\\\/\"]}]},{\"@type\":\"ImageObject\",\"inLanguage\":\"pt-BR\",\"@id\":\"https:\\\/\\\/www.wayantecipa.com.br\\\/site\\\/way\\\/#primaryimage\",\"url\":\"https:\\\/\\\/www.wayantecipa.com.br\\\/site\\\/wp-content\\\/uploads\\\/2022\\\/05\\\/bgWay.jpg\",\"contentUrl\":\"https:\\\/\\\/www.wayantecipa.com.br\\\/site\\\/wp-content\\\/uploads\\\/2022\\\/05\\\/bgWay.jpg\",\"width\":1366,\"height\":1170},{\"@type\":\"BreadcrumbList\",\"@id\":\"https:\\\/\\\/www.wayantecipa.com.br\\\/site\\\/way\\\/#breadcrumb\",\"itemListElement\":[{\"@type\":\"ListItem\",\"position\":1,\"name\":\"In\u00edcio\",\"item\":\"https:\\\/\\\/www.wayantecipa.com.br\\\/site\\\/\"},{\"@type\":\"ListItem\",\"position\":2,\"name\":\"Way\"}]},{\"@type\":\"WebSite\",\"@id\":\"https:\\\/\\\/www.wayantecipa.com.br\\\/site\\\/#website\",\"url\":\"https:\\\/\\\/www.wayantecipa.com.br\\\/site\\\/\",\"name\":\"Way Intelig\u00eancia Financeira\",\"description\":\"\",\"publisher\":{\"@id\":\"https:\\\/\\\/www.wayantecipa.com.br\\\/site\\\/#organization\"},\"potentialAction\":[{\"@type\":\"SearchAction\",\"target\":{\"@type\":\"EntryPoint\",\"urlTemplate\":\"https:\\\/\\\/www.wayantecipa.com.br\\\/site\\\/?s={search_term_string}\"},\"query-input\":{\"@type\":\"PropertyValueSpecification\",\"valueRequired\":true,\"valueName\":\"search_term_string\"}}],\"inLanguage\":\"pt-BR\"},{\"@type\":\"Organization\",\"@id\":\"https:\\\/\\\/www.wayantecipa.com.br\\\/site\\\/#organization\",\"name\":\"Way Intelig\u00eancia Financeira\",\"url\":\"https:\\\/\\\/www.wayantecipa.com.br\\\/site\\\/\",\"logo\":{\"@type\":\"ImageObject\",\"inLanguage\":\"pt-BR\",\"@id\":\"https:\\\/\\\/www.wayantecipa.com.br\\\/site\\\/#\\\/schema\\\/logo\\\/image\\\/\",\"url\":\"https:\\\/\\\/www.wayantecipa.com.br\\\/site2022\\\/wp-content\\\/uploads\\\/2022\\\/06\\\/logoWayCor-1.png\",\"contentUrl\":\"https:\\\/\\\/www.wayantecipa.com.br\\\/site2022\\\/wp-content\\\/uploads\\\/2022\\\/06\\\/logoWayCor-1.png\",\"width\":409,\"height\":171,\"caption\":\"Way Intelig\u00eancia Financeira\"},\"image\":{\"@id\":\"https:\\\/\\\/www.wayantecipa.com.br\\\/site\\\/#\\\/schema\\\/logo\\\/image\\\/\"},\"sameAs\":[\"https:\\\/\\\/www.facebook.com\\\/wayantecipa\\\/\",\"https:\\\/\\\/www.instagram.com\\\/wayantecipa\\\/\",\"https:\\\/\\\/www.linkedin.com\\\/company\\\/wayantecipa\"]}]}<\/script>\n<!-- \/ Yoast SEO plugin. -->","yoast_head_json":{"title":"Way - Way Intelig\u00eancia Financeira","description":"Intelig\u00eancia financeira com \u00e9tica, inova\u00e7\u00e3o e rentabilidade. Entregamos solu\u00e7\u00f5es estrat\u00e9gicas para quem quer crescer com seguran\u00e7a e relacionamento.","robots":{"index":"index","follow":"follow","max-snippet":"max-snippet:-1","max-image-preview":"max-image-preview:large","max-video-preview":"max-video-preview:-1"},"canonical":"https:\/\/www.wayantecipa.com.br\/site\/way\/","og_locale":"pt_BR","og_type":"article","og_title":"Way - Way Intelig\u00eancia Financeira","og_description":"Intelig\u00eancia financeira com \u00e9tica, inova\u00e7\u00e3o e rentabilidade. Entregamos solu\u00e7\u00f5es estrat\u00e9gicas para quem quer crescer com seguran\u00e7a e relacionamento.","og_url":"https:\/\/www.wayantecipa.com.br\/site\/way\/","og_site_name":"Way Intelig\u00eancia Financeira","article_publisher":"https:\/\/www.facebook.com\/wayantecipa\/","article_modified_time":"2025-10-02T21:47:57+00:00","og_image":[{"width":1366,"height":1170,"url":"https:\/\/www.wayantecipa.com.br\/site\/wp-content\/uploads\/2022\/05\/bgWay.jpg","type":"image\/jpeg"}],"twitter_card":"summary_large_image","twitter_misc":{"Est. tempo de leitura":"1 minuto"},"schema":{"@context":"https:\/\/schema.org","@graph":[{"@type":"WebPage","@id":"https:\/\/www.wayantecipa.com.br\/site\/way\/","url":"https:\/\/www.wayantecipa.com.br\/site\/way\/","name":"Way - Way Intelig\u00eancia Financeira","isPartOf":{"@id":"https:\/\/www.wayantecipa.com.br\/site\/#website"},"primaryImageOfPage":{"@id":"https:\/\/www.wayantecipa.com.br\/site\/way\/#primaryimage"},"image":{"@id":"https:\/\/www.wayantecipa.com.br\/site\/way\/#primaryimage"},"thumbnailUrl":"https:\/\/www.wayantecipa.com.br\/site\/wp-content\/uploads\/2022\/05\/bgWay.jpg","datePublished":"2022-05-11T22:29:08+00:00","dateModified":"2025-10-02T21:47:57+00:00","description":"Intelig\u00eancia financeira com \u00e9tica, inova\u00e7\u00e3o e rentabilidade. Entregamos solu\u00e7\u00f5es estrat\u00e9gicas para quem quer crescer com seguran\u00e7a e relacionamento.","breadcrumb":{"@id":"https:\/\/www.wayantecipa.com.br\/site\/way\/#breadcrumb"},"inLanguage":"pt-BR","potentialAction":[{"@type":"ReadAction","target":["https:\/\/www.wayantecipa.com.br\/site\/way\/"]}]},{"@type":"ImageObject","inLanguage":"pt-BR","@id":"https:\/\/www.wayantecipa.com.br\/site\/way\/#primaryimage","url":"https:\/\/www.wayantecipa.com.br\/site\/wp-content\/uploads\/2022\/05\/bgWay.jpg","contentUrl":"https:\/\/www.wayantecipa.com.br\/site\/wp-content\/uploads\/2022\/05\/bgWay.jpg","width":1366,"height":1170},{"@type":"BreadcrumbList","@id":"https:\/\/www.wayantecipa.com.br\/site\/way\/#breadcrumb","itemListElement":[{"@type":"ListItem","position":1,"name":"In\u00edcio","item":"https:\/\/www.wayantecipa.com.br\/site\/"},{"@type":"ListItem","position":2,"name":"Way"}]},{"@type":"WebSite","@id":"https:\/\/www.wayantecipa.com.br\/site\/#website","url":"https:\/\/www.wayantecipa.com.br\/site\/","name":"Way Intelig\u00eancia Financeira","description":"","publisher":{"@id":"https:\/\/www.wayantecipa.com.br\/site\/#organization"},"potentialAction":[{"@type":"SearchAction","target":{"@type":"EntryPoint","urlTemplate":"https:\/\/www.wayantecipa.com.br\/site\/?s={search_term_string}"},"query-input":{"@type":"PropertyValueSpecification","valueRequired":true,"valueName":"search_term_string"}}],"inLanguage":"pt-BR"},{"@type":"Organization","@id":"https:\/\/www.wayantecipa.com.br\/site\/#organization","name":"Way Intelig\u00eancia Financeira","url":"https:\/\/www.wayantecipa.com.br\/site\/","logo":{"@type":"ImageObject","inLanguage":"pt-BR","@id":"https:\/\/www.wayantecipa.com.br\/site\/#\/schema\/logo\/image\/","url":"https:\/\/www.wayantecipa.com.br\/site2022\/wp-content\/uploads\/2022\/06\/logoWayCor-1.png","contentUrl":"https:\/\/www.wayantecipa.com.br\/site2022\/wp-content\/uploads\/2022\/06\/logoWayCor-1.png","width":409,"height":171,"caption":"Way Intelig\u00eancia Financeira"},"image":{"@id":"https:\/\/www.wayantecipa.com.br\/site\/#\/schema\/logo\/image\/"},"sameAs":["https:\/\/www.facebook.com\/wayantecipa\/","https:\/\/www.instagram.com\/wayantecipa\/","https:\/\/www.linkedin.com\/company\/wayantecipa"]}]}},"_links":{"self":[{"href":"https:\/\/www.wayantecipa.com.br\/site\/wp-json\/wp\/v2\/pages\/32","targetHints":{"allow":["GET"]}}],"collection":[{"href":"https:\/\/www.wayantecipa.com.br\/site\/wp-json\/wp\/v2\/pages"}],"about":[{"href":"https:\/\/www.wayantecipa.com.br\/site\/wp-json\/wp\/v2\/types\/page"}],"author":[{"embeddable":true,"href":"https:\/\/www.wayantecipa.com.br\/site\/wp-json\/wp\/v2\/users\/1"}],"replies":[{"embeddable":true,"href":"https:\/\/www.wayantecipa.com.br\/site\/wp-json\/wp\/v2\/comments?post=32"}],"version-history":[{"count":3,"href":"https:\/\/www.wayantecipa.com.br\/site\/wp-json\/wp\/v2\/pages\/32\/revisions"}],"predecessor-version":[{"id":98,"href":"https:\/\/www.wayantecipa.com.br\/site\/wp-json\/wp\/v2\/pages\/32\/revisions\/98"}],"wp:featuredmedia":[{"embeddable":true,"href":"https:\/\/www.wayantecipa.com.br\/site\/wp-json\/wp\/v2\/media\/97"}],"wp:attachment":[{"href":"https:\/\/www.wayantecipa.com.br\/site\/wp-json\/wp\/v2\/media?parent=32"}],"curies":[{"name":"wp","href":"https:\/\/api.w.org\/{rel}","templated":true}]}}