{"id":36,"date":"2022-05-11T19:29:20","date_gmt":"2022-05-11T22:29:20","guid":{"rendered":"http:\/\/dramabarroco.com\/way\/?page_id=36"},"modified":"2022-05-17T15:58:24","modified_gmt":"2022-05-17T18:58:24","slug":"investimentos","status":"publish","type":"page","link":"https:\/\/www.wayantecipa.com.br\/site\/investimentos\/","title":{"rendered":"Investimentos"},"content":{"rendered":"<p>A Way Intelig\u00eancia Financeira oferece uma excelente combina\u00e7\u00e3o de investimento em renda fixa de alta rentabilidade com baixo risco. Ao investir em deb\u00eantures da Way, seu recurso estar\u00e1 lastreado em cr\u00e9ditos de receb\u00edveis de uma carteira extremamente pulverizada e de elevado \u00edndice de liquidez.<\/p>\n<p><strong>Fa\u00e7a parte do grupo de investidores que utilizam a intelig\u00eancia financeira para alcan\u00e7ar os melhores resultados.<\/strong><\/p>\n","protected":false},"excerpt":{"rendered":"<p>Busca rentabilidade com seguran\u00e7a?<\/p>\n","protected":false},"author":1,"featured_media":191,"parent":0,"menu_order":9,"comment_status":"closed","ping_status":"closed","template":"page-investimentos.php","meta":{"_acf_changed":false,"_joinchat":[],"footnotes":""},"class_list":["post-36","page","type-page","status-publish","has-post-thumbnail","hentry"],"acf":[],"yoast_head":"<!-- This site is optimized with the Yoast SEO plugin v27.4 - https:\/\/yoast.com\/product\/yoast-seo-wordpress\/ -->\n<title>Investimentos - Way Intelig\u00eancia Financeira<\/title>\n<meta name=\"robots\" content=\"index, follow, max-snippet:-1, max-image-preview:large, max-video-preview:-1\" \/>\n<link rel=\"canonical\" href=\"https:\/\/www.wayantecipa.com.br\/site\/investimentos\/\" \/>\n<meta property=\"og:locale\" content=\"pt_BR\" \/>\n<meta property=\"og:type\" content=\"article\" \/>\n<meta property=\"og:title\" content=\"Investimentos - Way Intelig\u00eancia Financeira\" \/>\n<meta property=\"og:description\" content=\"Busca rentabilidade com seguran\u00e7a?\" \/>\n<meta property=\"og:url\" content=\"https:\/\/www.wayantecipa.com.br\/site\/investimentos\/\" \/>\n<meta property=\"og:site_name\" content=\"Way Intelig\u00eancia Financeira\" \/>\n<meta property=\"article:publisher\" content=\"https:\/\/www.facebook.com\/wayantecipa\/\" \/>\n<meta property=\"article:modified_time\" content=\"2022-05-17T18:58:24+00:00\" \/>\n<meta property=\"og:image\" content=\"https:\/\/www.wayantecipa.com.br\/site\/wp-content\/uploads\/2022\/06\/bgInvestimentos2.jpg\" \/>\n\t<meta property=\"og:image:width\" content=\"2000\" \/>\n\t<meta property=\"og:image:height\" content=\"2489\" \/>\n\t<meta property=\"og:image:type\" content=\"image\/jpeg\" \/>\n<meta name=\"twitter:card\" content=\"summary_large_image\" \/>\n<script type=\"application\/ld+json\" class=\"yoast-schema-graph\">{\"@context\":\"https:\\\/\\\/schema.org\",\"@graph\":[{\"@type\":\"WebPage\",\"@id\":\"https:\\\/\\\/www.wayantecipa.com.br\\\/site\\\/investimentos\\\/\",\"url\":\"https:\\\/\\\/www.wayantecipa.com.br\\\/site\\\/investimentos\\\/\",\"name\":\"Investimentos - Way Intelig\u00eancia Financeira\",\"isPartOf\":{\"@id\":\"https:\\\/\\\/www.wayantecipa.com.br\\\/site\\\/#website\"},\"primaryImageOfPage\":{\"@id\":\"https:\\\/\\\/www.wayantecipa.com.br\\\/site\\\/investimentos\\\/#primaryimage\"},\"image\":{\"@id\":\"https:\\\/\\\/www.wayantecipa.com.br\\\/site\\\/investimentos\\\/#primaryimage\"},\"thumbnailUrl\":\"https:\\\/\\\/www.wayantecipa.com.br\\\/site\\\/wp-content\\\/uploads\\\/2022\\\/06\\\/bgInvestimentos2.jpg\",\"datePublished\":\"2022-05-11T22:29:20+00:00\",\"dateModified\":\"2022-05-17T18:58:24+00:00\",\"breadcrumb\":{\"@id\":\"https:\\\/\\\/www.wayantecipa.com.br\\\/site\\\/investimentos\\\/#breadcrumb\"},\"inLanguage\":\"pt-BR\",\"potentialAction\":[{\"@type\":\"ReadAction\",\"target\":[\"https:\\\/\\\/www.wayantecipa.com.br\\\/site\\\/investimentos\\\/\"]}]},{\"@type\":\"ImageObject\",\"inLanguage\":\"pt-BR\",\"@id\":\"https:\\\/\\\/www.wayantecipa.com.br\\\/site\\\/investimentos\\\/#primaryimage\",\"url\":\"https:\\\/\\\/www.wayantecipa.com.br\\\/site\\\/wp-content\\\/uploads\\\/2022\\\/06\\\/bgInvestimentos2.jpg\",\"contentUrl\":\"https:\\\/\\\/www.wayantecipa.com.br\\\/site\\\/wp-content\\\/uploads\\\/2022\\\/06\\\/bgInvestimentos2.jpg\",\"width\":2000,\"height\":2489},{\"@type\":\"BreadcrumbList\",\"@id\":\"https:\\\/\\\/www.wayantecipa.com.br\\\/site\\\/investimentos\\\/#breadcrumb\",\"itemListElement\":[{\"@type\":\"ListItem\",\"position\":1,\"name\":\"In\u00edcio\",\"item\":\"https:\\\/\\\/www.wayantecipa.com.br\\\/site\\\/\"},{\"@type\":\"ListItem\",\"position\":2,\"name\":\"Investimentos\"}]},{\"@type\":\"WebSite\",\"@id\":\"https:\\\/\\\/www.wayantecipa.com.br\\\/site\\\/#website\",\"url\":\"https:\\\/\\\/www.wayantecipa.com.br\\\/site\\\/\",\"name\":\"Way Intelig\u00eancia Financeira\",\"description\":\"\",\"publisher\":{\"@id\":\"https:\\\/\\\/www.wayantecipa.com.br\\\/site\\\/#organization\"},\"potentialAction\":[{\"@type\":\"SearchAction\",\"target\":{\"@type\":\"EntryPoint\",\"urlTemplate\":\"https:\\\/\\\/www.wayantecipa.com.br\\\/site\\\/?s={search_term_string}\"},\"query-input\":{\"@type\":\"PropertyValueSpecification\",\"valueRequired\":true,\"valueName\":\"search_term_string\"}}],\"inLanguage\":\"pt-BR\"},{\"@type\":\"Organization\",\"@id\":\"https:\\\/\\\/www.wayantecipa.com.br\\\/site\\\/#organization\",\"name\":\"Way Intelig\u00eancia Financeira\",\"url\":\"https:\\\/\\\/www.wayantecipa.com.br\\\/site\\\/\",\"logo\":{\"@type\":\"ImageObject\",\"inLanguage\":\"pt-BR\",\"@id\":\"https:\\\/\\\/www.wayantecipa.com.br\\\/site\\\/#\\\/schema\\\/logo\\\/image\\\/\",\"url\":\"https:\\\/\\\/www.wayantecipa.com.br\\\/site2022\\\/wp-content\\\/uploads\\\/2022\\\/06\\\/logoWayCor-1.png\",\"contentUrl\":\"https:\\\/\\\/www.wayantecipa.com.br\\\/site2022\\\/wp-content\\\/uploads\\\/2022\\\/06\\\/logoWayCor-1.png\",\"width\":409,\"height\":171,\"caption\":\"Way Intelig\u00eancia Financeira\"},\"image\":{\"@id\":\"https:\\\/\\\/www.wayantecipa.com.br\\\/site\\\/#\\\/schema\\\/logo\\\/image\\\/\"},\"sameAs\":[\"https:\\\/\\\/www.facebook.com\\\/wayantecipa\\\/\",\"https:\\\/\\\/www.instagram.com\\\/wayantecipa\\\/\",\"https:\\\/\\\/www.linkedin.com\\\/company\\\/wayantecipa\"]}]}<\/script>\n<!-- \/ Yoast SEO plugin. -->","yoast_head_json":{"title":"Investimentos - Way Intelig\u00eancia Financeira","robots":{"index":"index","follow":"follow","max-snippet":"max-snippet:-1","max-image-preview":"max-image-preview:large","max-video-preview":"max-video-preview:-1"},"canonical":"https:\/\/www.wayantecipa.com.br\/site\/investimentos\/","og_locale":"pt_BR","og_type":"article","og_title":"Investimentos - Way Intelig\u00eancia Financeira","og_description":"Busca rentabilidade com seguran\u00e7a?","og_url":"https:\/\/www.wayantecipa.com.br\/site\/investimentos\/","og_site_name":"Way Intelig\u00eancia Financeira","article_publisher":"https:\/\/www.facebook.com\/wayantecipa\/","article_modified_time":"2022-05-17T18:58:24+00:00","og_image":[{"width":2000,"height":2489,"url":"https:\/\/www.wayantecipa.com.br\/site\/wp-content\/uploads\/2022\/06\/bgInvestimentos2.jpg","type":"image\/jpeg"}],"twitter_card":"summary_large_image","schema":{"@context":"https:\/\/schema.org","@graph":[{"@type":"WebPage","@id":"https:\/\/www.wayantecipa.com.br\/site\/investimentos\/","url":"https:\/\/www.wayantecipa.com.br\/site\/investimentos\/","name":"Investimentos - Way Intelig\u00eancia Financeira","isPartOf":{"@id":"https:\/\/www.wayantecipa.com.br\/site\/#website"},"primaryImageOfPage":{"@id":"https:\/\/www.wayantecipa.com.br\/site\/investimentos\/#primaryimage"},"image":{"@id":"https:\/\/www.wayantecipa.com.br\/site\/investimentos\/#primaryimage"},"thumbnailUrl":"https:\/\/www.wayantecipa.com.br\/site\/wp-content\/uploads\/2022\/06\/bgInvestimentos2.jpg","datePublished":"2022-05-11T22:29:20+00:00","dateModified":"2022-05-17T18:58:24+00:00","breadcrumb":{"@id":"https:\/\/www.wayantecipa.com.br\/site\/investimentos\/#breadcrumb"},"inLanguage":"pt-BR","potentialAction":[{"@type":"ReadAction","target":["https:\/\/www.wayantecipa.com.br\/site\/investimentos\/"]}]},{"@type":"ImageObject","inLanguage":"pt-BR","@id":"https:\/\/www.wayantecipa.com.br\/site\/investimentos\/#primaryimage","url":"https:\/\/www.wayantecipa.com.br\/site\/wp-content\/uploads\/2022\/06\/bgInvestimentos2.jpg","contentUrl":"https:\/\/www.wayantecipa.com.br\/site\/wp-content\/uploads\/2022\/06\/bgInvestimentos2.jpg","width":2000,"height":2489},{"@type":"BreadcrumbList","@id":"https:\/\/www.wayantecipa.com.br\/site\/investimentos\/#breadcrumb","itemListElement":[{"@type":"ListItem","position":1,"name":"In\u00edcio","item":"https:\/\/www.wayantecipa.com.br\/site\/"},{"@type":"ListItem","position":2,"name":"Investimentos"}]},{"@type":"WebSite","@id":"https:\/\/www.wayantecipa.com.br\/site\/#website","url":"https:\/\/www.wayantecipa.com.br\/site\/","name":"Way Intelig\u00eancia Financeira","description":"","publisher":{"@id":"https:\/\/www.wayantecipa.com.br\/site\/#organization"},"potentialAction":[{"@type":"SearchAction","target":{"@type":"EntryPoint","urlTemplate":"https:\/\/www.wayantecipa.com.br\/site\/?s={search_term_string}"},"query-input":{"@type":"PropertyValueSpecification","valueRequired":true,"valueName":"search_term_string"}}],"inLanguage":"pt-BR"},{"@type":"Organization","@id":"https:\/\/www.wayantecipa.com.br\/site\/#organization","name":"Way Intelig\u00eancia Financeira","url":"https:\/\/www.wayantecipa.com.br\/site\/","logo":{"@type":"ImageObject","inLanguage":"pt-BR","@id":"https:\/\/www.wayantecipa.com.br\/site\/#\/schema\/logo\/image\/","url":"https:\/\/www.wayantecipa.com.br\/site2022\/wp-content\/uploads\/2022\/06\/logoWayCor-1.png","contentUrl":"https:\/\/www.wayantecipa.com.br\/site2022\/wp-content\/uploads\/2022\/06\/logoWayCor-1.png","width":409,"height":171,"caption":"Way Intelig\u00eancia Financeira"},"image":{"@id":"https:\/\/www.wayantecipa.com.br\/site\/#\/schema\/logo\/image\/"},"sameAs":["https:\/\/www.facebook.com\/wayantecipa\/","https:\/\/www.instagram.com\/wayantecipa\/","https:\/\/www.linkedin.com\/company\/wayantecipa"]}]}},"_links":{"self":[{"href":"https:\/\/www.wayantecipa.com.br\/site\/wp-json\/wp\/v2\/pages\/36","targetHints":{"allow":["GET"]}}],"collection":[{"href":"https:\/\/www.wayantecipa.com.br\/site\/wp-json\/wp\/v2\/pages"}],"about":[{"href":"https:\/\/www.wayantecipa.com.br\/site\/wp-json\/wp\/v2\/types\/page"}],"author":[{"embeddable":true,"href":"https:\/\/www.wayantecipa.com.br\/site\/wp-json\/wp\/v2\/users\/1"}],"replies":[{"embeddable":true,"href":"https:\/\/www.wayantecipa.com.br\/site\/wp-json\/wp\/v2\/comments?post=36"}],"version-history":[{"count":2,"href":"https:\/\/www.wayantecipa.com.br\/site\/wp-json\/wp\/v2\/pages\/36\/revisions"}],"predecessor-version":[{"id":99,"href":"https:\/\/www.wayantecipa.com.br\/site\/wp-json\/wp\/v2\/pages\/36\/revisions\/99"}],"wp:featuredmedia":[{"embeddable":true,"href":"https:\/\/www.wayantecipa.com.br\/site\/wp-json\/wp\/v2\/media\/191"}],"wp:attachment":[{"href":"https:\/\/www.wayantecipa.com.br\/site\/wp-json\/wp\/v2\/media?parent=36"}],"curies":[{"name":"wp","href":"https:\/\/api.w.org\/{rel}","templated":true}]}}